{"id":28,"date":"2012-05-22T20:43:52","date_gmt":"2012-05-22T20:43:52","guid":{"rendered":"http:\/\/aliquando.id-3.net\/?page_id=28"},"modified":"2023-04-27T14:47:14","modified_gmt":"2023-04-27T18:47:14","slug":"mes-proprietes","status":"publish","type":"page","link":"https:\/\/lucefecteau.com\/en\/mes-proprietes\/","title":{"rendered":"My properties"},"content":{"rendered":"<p><\/p>\n<p><\/p>","protected":false},"excerpt":{"rendered":"","protected":false},"author":1,"featured_media":0,"parent":0,"menu_order":10,"comment_status":"open","ping_status":"closed","template":"t_listings.php","meta":{"_acf_changed":false,"footnotes":""},"class_list":["post-28","page","type-page","status-publish","hentry"],"acf":[],"yoast_head":"<!-- This site is optimized with the Yoast SEO plugin v26.7 - https:\/\/yoast.com\/wordpress\/plugins\/seo\/ -->\n<title>My properties - Luce Fecteau - Royal Lepage<\/title>\n<meta name=\"description\" content=\"Propri\u00e9t\u00e9s \u00e0 vendre L\u00e9vis, St-Nicolas, St-R\u00e9dempteurs, St-Romualde, St-Lambert, St-Michel et Beaumont \u00cates-vous \u00e0 la recherche d&#039;une propri\u00e9t\u00e9 \u00e0 L\u00e9vis, St-Nicolas, St-R\u00e9dempteurs, St-Romualde, St-Lambert, St-Michel et Beaumont? D\u00e9couvrez les propri\u00e9t\u00e9s offertes par Luce Fecteau, courtier immobilier Royal LePage. Pour information, appelez au : 418-951-5660.\" \/>\n<meta name=\"robots\" content=\"index, follow, max-snippet:-1, max-image-preview:large, max-video-preview:-1\" \/>\n<link rel=\"canonical\" href=\"https:\/\/lucefecteau.com\/mes-proprietes\/\" \/>\n<meta property=\"og:locale\" content=\"en_US\" \/>\n<meta property=\"og:type\" content=\"article\" \/>\n<meta property=\"og:title\" content=\"My properties - Luce Fecteau - Royal Lepage\" \/>\n<meta property=\"og:description\" content=\"Propri\u00e9t\u00e9s \u00e0 vendre L\u00e9vis, St-Nicolas, St-R\u00e9dempteurs, St-Romualde, St-Lambert, St-Michel et Beaumont \u00cates-vous \u00e0 la recherche d&#039;une propri\u00e9t\u00e9 \u00e0 L\u00e9vis, St-Nicolas, St-R\u00e9dempteurs, St-Romualde, St-Lambert, St-Michel et Beaumont? D\u00e9couvrez les propri\u00e9t\u00e9s offertes par Luce Fecteau, courtier immobilier Royal LePage. Pour information, appelez au : 418-951-5660.\" \/>\n<meta property=\"og:url\" content=\"https:\/\/lucefecteau.com\/mes-proprietes\/\" \/>\n<meta property=\"og:site_name\" content=\"Luce Fecteau - Royal Lepage\" \/>\n<meta property=\"article:modified_time\" content=\"2023-04-27T18:47:14+00:00\" \/>\n<meta property=\"og:image\" content=\"https:\/\/lucefecteau.com\/files\/2024\/04\/Header_Facebook_2023.png\" \/>\n<meta name=\"twitter:card\" content=\"summary_large_image\" \/>\n<meta name=\"twitter:image\" content=\"https:\/\/lucefecteau.com\/files\/2024\/04\/Header_Facebook_2023.png\" \/>\n<script type=\"application\/ld+json\" class=\"yoast-schema-graph\">{\"@context\":\"https:\/\/schema.org\",\"@graph\":[{\"@type\":\"WebPage\",\"@id\":\"https:\/\/lucefecteau.com\/mes-proprietes\/\",\"url\":\"https:\/\/lucefecteau.com\/mes-proprietes\/\",\"name\":\"[:fr]Mes propri\u00e9t\u00e9s[:en]My properties[:] - Luce Fecteau - Royal Lepage\",\"isPartOf\":{\"@id\":\"https:\/\/lucefecteau.com\/en\/#website\"},\"datePublished\":\"2012-05-22T20:43:52+00:00\",\"dateModified\":\"2023-04-27T18:47:14+00:00\",\"description\":\"Propri\u00e9t\u00e9s \u00e0 vendre L\u00e9vis, St-Nicolas, St-R\u00e9dempteurs, St-Romualde, St-Lambert, St-Michel et Beaumont \u00cates-vous \u00e0 la recherche d'une propri\u00e9t\u00e9 \u00e0 L\u00e9vis, St-Nicolas, St-R\u00e9dempteurs, St-Romualde, St-Lambert, St-Michel et Beaumont? D\u00e9couvrez les propri\u00e9t\u00e9s offertes par Luce Fecteau, courtier immobilier Royal LePage. Pour information, appelez au : 418-951-5660.\",\"breadcrumb\":{\"@id\":\"https:\/\/lucefecteau.com\/mes-proprietes\/#breadcrumb\"},\"inLanguage\":\"en-US\",\"potentialAction\":[{\"@type\":\"ReadAction\",\"target\":[\"https:\/\/lucefecteau.com\/mes-proprietes\/\"]}]},{\"@type\":\"BreadcrumbList\",\"@id\":\"https:\/\/lucefecteau.com\/mes-proprietes\/#breadcrumb\",\"itemListElement\":[{\"@type\":\"ListItem\",\"position\":1,\"name\":\"Accueil\",\"item\":\"https:\/\/lucefecteau.com\/en\/\"},{\"@type\":\"ListItem\",\"position\":2,\"name\":\"Mes propri\u00e9t\u00e9s\"}]},{\"@type\":\"WebSite\",\"@id\":\"https:\/\/lucefecteau.com\/en\/#website\",\"url\":\"https:\/\/lucefecteau.com\/en\/\",\"name\":\"Luce Fecteau - Royal Lepage\",\"description\":\"Real Estate Broker\",\"potentialAction\":[{\"@type\":\"SearchAction\",\"target\":{\"@type\":\"EntryPoint\",\"urlTemplate\":\"https:\/\/lucefecteau.com\/en\/?s={search_term_string}\"},\"query-input\":{\"@type\":\"PropertyValueSpecification\",\"valueRequired\":true,\"valueName\":\"search_term_string\"}}],\"inLanguage\":\"en-US\"}]}<\/script>\n<!-- \/ Yoast SEO plugin. -->","yoast_head_json":{"title":"My properties - Luce Fecteau - Royal Lepage","description":"Propri\u00e9t\u00e9s \u00e0 vendre L\u00e9vis, St-Nicolas, St-R\u00e9dempteurs, St-Romualde, St-Lambert, St-Michel et Beaumont \u00cates-vous \u00e0 la recherche d'une propri\u00e9t\u00e9 \u00e0 L\u00e9vis, St-Nicolas, St-R\u00e9dempteurs, St-Romualde, St-Lambert, St-Michel et Beaumont? D\u00e9couvrez les propri\u00e9t\u00e9s offertes par Luce Fecteau, courtier immobilier Royal LePage. Pour information, appelez au : 418-951-5660.","robots":{"index":"index","follow":"follow","max-snippet":"max-snippet:-1","max-image-preview":"max-image-preview:large","max-video-preview":"max-video-preview:-1"},"canonical":"https:\/\/lucefecteau.com\/mes-proprietes\/","og_locale":"en_US","og_type":"article","og_title":"My properties - Luce Fecteau - Royal Lepage","og_description":"Propri\u00e9t\u00e9s \u00e0 vendre L\u00e9vis, St-Nicolas, St-R\u00e9dempteurs, St-Romualde, St-Lambert, St-Michel et Beaumont \u00cates-vous \u00e0 la recherche d'une propri\u00e9t\u00e9 \u00e0 L\u00e9vis, St-Nicolas, St-R\u00e9dempteurs, St-Romualde, St-Lambert, St-Michel et Beaumont? D\u00e9couvrez les propri\u00e9t\u00e9s offertes par Luce Fecteau, courtier immobilier Royal LePage. Pour information, appelez au : 418-951-5660.","og_url":"https:\/\/lucefecteau.com\/mes-proprietes\/","og_site_name":"Luce Fecteau - Royal Lepage","article_modified_time":"2023-04-27T18:47:14+00:00","og_image":[{"url":"https:\/\/lucefecteau.com\/files\/2024\/04\/Header_Facebook_2023.png","type":"","width":"","height":""}],"twitter_card":"summary_large_image","twitter_image":"https:\/\/lucefecteau.com\/files\/2024\/04\/Header_Facebook_2023.png","schema":{"@context":"https:\/\/schema.org","@graph":[{"@type":"WebPage","@id":"https:\/\/lucefecteau.com\/mes-proprietes\/","url":"https:\/\/lucefecteau.com\/mes-proprietes\/","name":"[:fr]Mes propri\u00e9t\u00e9s[:en]My properties[:] - Luce Fecteau - Royal Lepage","isPartOf":{"@id":"https:\/\/lucefecteau.com\/en\/#website"},"datePublished":"2012-05-22T20:43:52+00:00","dateModified":"2023-04-27T18:47:14+00:00","description":"Propri\u00e9t\u00e9s \u00e0 vendre L\u00e9vis, St-Nicolas, St-R\u00e9dempteurs, St-Romualde, St-Lambert, St-Michel et Beaumont \u00cates-vous \u00e0 la recherche d'une propri\u00e9t\u00e9 \u00e0 L\u00e9vis, St-Nicolas, St-R\u00e9dempteurs, St-Romualde, St-Lambert, St-Michel et Beaumont? D\u00e9couvrez les propri\u00e9t\u00e9s offertes par Luce Fecteau, courtier immobilier Royal LePage. Pour information, appelez au : 418-951-5660.","breadcrumb":{"@id":"https:\/\/lucefecteau.com\/mes-proprietes\/#breadcrumb"},"inLanguage":"en-US","potentialAction":[{"@type":"ReadAction","target":["https:\/\/lucefecteau.com\/mes-proprietes\/"]}]},{"@type":"BreadcrumbList","@id":"https:\/\/lucefecteau.com\/mes-proprietes\/#breadcrumb","itemListElement":[{"@type":"ListItem","position":1,"name":"Accueil","item":"https:\/\/lucefecteau.com\/en\/"},{"@type":"ListItem","position":2,"name":"Mes propri\u00e9t\u00e9s"}]},{"@type":"WebSite","@id":"https:\/\/lucefecteau.com\/en\/#website","url":"https:\/\/lucefecteau.com\/en\/","name":"Luce Fecteau - Royal Lepage","description":"Real Estate Broker","potentialAction":[{"@type":"SearchAction","target":{"@type":"EntryPoint","urlTemplate":"https:\/\/lucefecteau.com\/en\/?s={search_term_string}"},"query-input":{"@type":"PropertyValueSpecification","valueRequired":true,"valueName":"search_term_string"}}],"inLanguage":"en-US"}]}},"_links":{"self":[{"href":"https:\/\/lucefecteau.com\/en\/wp-json\/wp\/v2\/pages\/28","targetHints":{"allow":["GET"]}}],"collection":[{"href":"https:\/\/lucefecteau.com\/en\/wp-json\/wp\/v2\/pages"}],"about":[{"href":"https:\/\/lucefecteau.com\/en\/wp-json\/wp\/v2\/types\/page"}],"author":[{"embeddable":true,"href":"https:\/\/lucefecteau.com\/en\/wp-json\/wp\/v2\/users\/1"}],"replies":[{"embeddable":true,"href":"https:\/\/lucefecteau.com\/en\/wp-json\/wp\/v2\/comments?post=28"}],"version-history":[{"count":2,"href":"https:\/\/lucefecteau.com\/en\/wp-json\/wp\/v2\/pages\/28\/revisions"}],"predecessor-version":[{"id":640,"href":"https:\/\/lucefecteau.com\/en\/wp-json\/wp\/v2\/pages\/28\/revisions\/640"}],"wp:attachment":[{"href":"https:\/\/lucefecteau.com\/en\/wp-json\/wp\/v2\/media?parent=28"}],"curies":[{"name":"wp","href":"https:\/\/api.w.org\/{rel}","templated":true}]}}